{"id":27767,"date":"2017-05-04T11:09:36","date_gmt":"2017-05-04T16:09:36","guid":{"rendered":"https:\/\/www.groupesomac.com\/purchase-policy"},"modified":"2021-04-01T14:56:15","modified_gmt":"2021-04-01T19:56:15","slug":"purchase-policy","status":"publish","type":"page","link":"https:\/\/www.groupesomac.com\/en\/purchase-policy","title":{"rendered":"Purchase policy"},"content":{"rendered":"<p>[et_pb_section fb_built=&#8221;1&#8243; custom_padding_last_edited=&#8221;on|tablet&#8221; admin_label=&#8221;section&#8221; _builder_version=&#8221;3.22&#8243; custom_padding=&#8221;100px||100px|&#8221; custom_padding_tablet=&#8221;||0px|&#8221; custom_padding_phone=&#8221;&#8221; transparent_background=&#8221;off&#8221; padding_mobile=&#8221;off&#8221; make_fullwidth=&#8221;off&#8221; use_custom_width=&#8221;off&#8221; width_unit=&#8221;off&#8221; custom_width_px=&#8221;1080px&#8221; custom_width_percent=&#8221;80%&#8221;][et_pb_row padding_mobile=&#8221;off&#8221; column_padding_mobile=&#8221;on&#8221; admin_label=&#8221;row&#8221; _builder_version=&#8221;3.25&#8243; background_size=&#8221;initial&#8221; background_position=&#8221;top_left&#8221; background_repeat=&#8221;repeat&#8221; custom_padding=&#8221;|||&#8221; make_fullwidth=&#8221;off&#8221; use_custom_width=&#8221;off&#8221; width_unit=&#8221;off&#8221; custom_width_px=&#8221;1080px&#8221; custom_width_percent=&#8221;80%&#8221;][et_pb_column type=&#8221;4_4&#8243; _builder_version=&#8221;3.25&#8243; custom_padding=&#8221;|||&#8221; custom_padding__hover=&#8221;|||&#8221;][et_pb_text admin_label=&#8221;Texte&#8221; _builder_version=&#8221;4.9.2&#8243; header_font_size=&#8221;36px&#8221; background_size=&#8221;initial&#8221; background_position=&#8221;top_left&#8221; background_repeat=&#8221;repeat&#8221; custom_margin=&#8221;|100px||100px&#8221; custom_margin_tablet=&#8221;|0px||0px&#8221; custom_margin_phone=&#8221;&#8221; custom_margin_last_edited=&#8221;on|tablet&#8221; hover_enabled=&#8221;0&#8243; use_border_color=&#8221;off&#8221; border_style=&#8221;solid&#8221; sticky_enabled=&#8221;0&#8243;]<\/p>\n<h1>Solto Purchase policy<\/h1>\n<p>The purchase of a Solto product constitutes a firm and non-refundable sale.<\/p>\n<p>After giving your order, you will receive an order confirmation. The required plan and materials will be sent to you seven (7) days after processing of your order. The final invoice will be issued upon delivery.<\/p>\n<p>We offer you the opportunity to cancel your order within 24 hours of its confirmation.<\/p>\n<p>If you wish to change your order, you can do so at no cost within five (5) days of its confirmation. Afterwards, costs to be determined will be invoiced.<\/p>\n<p>[\/et_pb_text][\/et_pb_column][\/et_pb_row][\/et_pb_section][et_pb_section fb_built=&#8221;1&#8243; custom_padding_last_edited=&#8221;on|desktop&#8221; _builder_version=&#8221;3.22&#8243; background_color=&#8221;#ffffff&#8221; custom_padding=&#8221;||100px|&#8221; custom_padding_tablet=&#8221;50px|0|50px|0&#8243; custom_padding_phone=&#8221;&#8221; transparent_background=&#8221;off&#8221; padding_mobile=&#8221;off&#8221; make_fullwidth=&#8221;off&#8221; use_custom_width=&#8221;off&#8221; width_unit=&#8221;off&#8221; custom_width_px=&#8221;1080px&#8221; custom_width_percent=&#8221;80%&#8221;][et_pb_row padding_mobile=&#8221;off&#8221; column_padding_mobile=&#8221;on&#8221; _builder_version=&#8221;3.25&#8243; background_size=&#8221;initial&#8221; background_position=&#8221;top_left&#8221; background_repeat=&#8221;repeat&#8221; make_fullwidth=&#8221;off&#8221; use_custom_width=&#8221;off&#8221; width_unit=&#8221;off&#8221; custom_width_px=&#8221;1080px&#8221; custom_width_percent=&#8221;80%&#8221;][et_pb_column type=&#8221;4_4&#8243; _builder_version=&#8221;3.25&#8243; custom_padding=&#8221;|||&#8221; custom_padding__hover=&#8221;|||&#8221;][et_pb_cta title=&#8221;Want more information on our shelters?&#8221; button_url=&#8221;https:\/\/www.groupesomac.com\/en\/information-request-form&#8221; url_new_window=&#8221;on&#8221; button_text=&#8221;Contact us&#8221; _builder_version=&#8221;3.16&#8243; header_font=&#8221;Open Sans Light||||&#8221; header_font_size=&#8221;30px&#8221; body_font=&#8221;Open Sans Light||||&#8221; body_font_size=&#8221;18px&#8221; use_background_color=&#8221;off&#8221; background_size=&#8221;initial&#8221; background_position=&#8221;top_left&#8221; background_repeat=&#8221;repeat&#8221; custom_button=&#8221;on&#8221; button_text_size=&#8221;14px&#8221; background_layout=&#8221;light&#8221; use_border_color=&#8221;off&#8221; border_color=&#8221;#ffffff&#8221; border_width=&#8221;1px&#8221; border_style=&#8221;solid&#8221; button_border_color_hover=&#8221;#0c71c3&#8243; button_letter_spacing_hover=&#8221;0&#8243; button_text_size__hover_enabled=&#8221;off&#8221; button_one_text_size__hover_enabled=&#8221;off&#8221; button_two_text_size__hover_enabled=&#8221;off&#8221; button_text_color__hover_enabled=&#8221;off&#8221; button_one_text_color__hover_enabled=&#8221;off&#8221; button_two_text_color__hover_enabled=&#8221;off&#8221; button_border_width__hover_enabled=&#8221;off&#8221; button_one_border_width__hover_enabled=&#8221;off&#8221; button_two_border_width__hover_enabled=&#8221;off&#8221; button_border_color__hover_enabled=&#8221;on&#8221; button_border_color__hover=&#8221;#0c71c3&#8243; button_one_border_color__hover_enabled=&#8221;off&#8221; button_two_border_color__hover_enabled=&#8221;off&#8221; button_border_radius__hover_enabled=&#8221;off&#8221; button_one_border_radius__hover_enabled=&#8221;off&#8221; button_two_border_radius__hover_enabled=&#8221;off&#8221; button_letter_spacing__hover_enabled=&#8221;on&#8221; button_letter_spacing__hover=&#8221;0&#8243; button_one_letter_spacing__hover_enabled=&#8221;off&#8221; button_two_letter_spacing__hover_enabled=&#8221;off&#8221; button_bg_color__hover_enabled=&#8221;off&#8221; button_one_bg_color__hover_enabled=&#8221;off&#8221; button_two_bg_color__hover_enabled=&#8221;off&#8221;]Or simply ask a few questions about our company?[\/et_pb_cta][\/et_pb_column][\/et_pb_row][\/et_pb_section]<\/p>\n<span class=\"et_bloom_bottom_trigger\"><\/span>","protected":false},"excerpt":{"rendered":"<p>Solto Purchase policy The purchase of a Solto product constitutes a firm and non-refundable sale. After giving your order, you will receive an order confirmation. The required plan and materials will be sent to you seven (7) days after processing of your order. The final invoice will be issued upon delivery. We offer you the opportunity to cancel your order within 24 hours of its confirmation. If you wish to change your order, you can do so at no cost within five (5) days of its confirmation. Afterwards, costs to be determined will be invoiced.Or simply ask a few questions about our company?<\/p>\n","protected":false},"author":1,"featured_media":0,"parent":0,"menu_order":1500,"comment_status":"closed","ping_status":"closed","template":"","meta":{"_et_pb_use_builder":"on","_et_pb_old_content":"<h1>Politique d\u2019achat<\/h1><p>L\u2019achat d\u2019un produit Solto constitue une vente ferme et non remboursable.<\/p><p>Vous recevrez une confirmation de commande une fois que vous l\u2019aurez pass\u00e9e. Le plan et le mat\u00e9riel requis vous seront communiqu\u00e9s sept (7) jours apr\u00e8s le traitement de votre commande. La facture finale vous sera remise \u00e0 la livraison.<\/p><p>Nous offrons la possibilit\u00e9 d\u2019annuler votre commande dans les 24\u00a0heures suivant la confirmation de celle-ci.<\/p><p>Advenant que vous d\u00e9sireriez modifier votre commande, vous pourrez le faire sans frais, dans les cinq (5) jours suivant la confirmation de celle-ci. Apr\u00e8s ce d\u00e9lai, des frais \u00e0 d\u00e9terminer seront factur\u00e9s.<\/p><p>Nous offrons un cr\u00e9neau de livraison de 31\u00a0jours, mais il se peut qu\u2019un retard ind\u00e9pendant de notre volont\u00e9 survienne. Dans ce cas, nous nous engageons \u00e0 vous en informer rapidement afin de d\u00e9terminer une nouvelle date de livraison.<\/p>","_et_gb_content_width":"","footnotes":""},"class_list":["post-27767","page","type-page","status-publish","hentry"],"_links":{"self":[{"href":"https:\/\/www.groupesomac.com\/en\/wp-json\/wp\/v2\/pages\/27767","targetHints":{"allow":["GET"]}}],"collection":[{"href":"https:\/\/www.groupesomac.com\/en\/wp-json\/wp\/v2\/pages"}],"about":[{"href":"https:\/\/www.groupesomac.com\/en\/wp-json\/wp\/v2\/types\/page"}],"author":[{"embeddable":true,"href":"https:\/\/www.groupesomac.com\/en\/wp-json\/wp\/v2\/users\/1"}],"replies":[{"embeddable":true,"href":"https:\/\/www.groupesomac.com\/en\/wp-json\/wp\/v2\/comments?post=27767"}],"version-history":[{"count":0,"href":"https:\/\/www.groupesomac.com\/en\/wp-json\/wp\/v2\/pages\/27767\/revisions"}],"wp:attachment":[{"href":"https:\/\/www.groupesomac.com\/en\/wp-json\/wp\/v2\/media?parent=27767"}],"curies":[{"name":"wp","href":"https:\/\/api.w.org\/{rel}","templated":true}]}}